{"id":194,"date":"2016-02-09T22:00:42","date_gmt":"2016-02-09T22:00:42","guid":{"rendered":"http:\/\/yuqueriviajes.com.ar\/site\/?page_id=194"},"modified":"2016-09-05T20:08:26","modified_gmt":"2016-09-05T20:08:26","slug":"quienes-somos","status":"publish","type":"page","link":"https:\/\/yuqueriviajes.com.ar\/site\/quienes-somos\/","title":{"rendered":"Qui\u00e9nes Somos"},"content":{"rendered":"<p>[vc_row][vc_column][vc_empty_space height=\u00bb60px\u00bb][vc_column_text css_animation=\u00bbbottom-to-top\u00bb]<strong>YUQUERI VIAJES<\/strong> es una empresa joven nacida en el a\u00f1o 2011. Contando con un equipo de trabajo con conocimiento en todas las a\u00e9reas del rubro, y con el respaldo de los operadores de turismo m\u00e1s importantes del pa\u00eds, ofrece todos los servicios que el pasajero necesita para lograr el viaje deseado. Con mucho gusto y entusiasmo nos adaptamos a las necesidades de todos nuestros clientes para satisfacer sus requerimientos y que la experiencia de viaje sea <strong>MEMORABLE<\/strong>. La confianza es una de nuestras principales virtudes, y por la cual nuestros pasajeros nos siguen eligiendo.[\/vc_column_text][vc_empty_space height=\u00bb60px\u00bb][\/vc_column][\/vc_row][vc_row][vc_column][vc_empty_space]<h1 style=\"color:#4c5767;\" class=\"  center\">CONOZCA A NUESTRO EQUIPO<\/h1>[vc_empty_space height=\u00bb10px\u00bb]<h3 style=\"color:#b7b7b7;\" class=\"  center\">Agentes de Viajes y Turismo<\/h3>[vc_empty_space height=\u00bb60px\u00bb][\/vc_column][\/vc_row][vc_row][vc_column width=\u00bb1\/2&#8243;]\n\n\n   <div class=\" nicdark_archive1 nicdark_bg_yellow  \">\n\n        <div class=\"nicdark_textevidence nicdark_width_percentage40 nicdark_width100_responsive\">\n            <img decoding=\"async\" alt=\"\" class=\" nicdark_opacity\" src=\"https:\/\/yuqueriviajes.com.ar\/site\/wp-content\/uploads\/2016\/02\/JIME-e1460564766382.jpg\">\n        <\/div>\n        \n        <div class=\"nicdark_textevidence nicdark_width_percentage50 nicdark_width100_responsive\">\n            <div class=\"nicdark_margin20\">\n            \n                <h4 class=\"white\">Jimena Lugrin<\/h4>                        \n                <div class=\"nicdark_space20\"><\/div>\n                <div class=\"nicdark_divider left small\"><span class=\"nicdark_bg_white \"><\/span><\/div>\n                <div class=\"nicdark_space20\"><\/div>\n                <p class=\"white\">Licenciada en Turismo y Directora de Yuqueri. Gran experiencia, desde gu\u00eda en la lejana Ushuaia hasta vendedora y operadora en Agencia de viajes, apasionada por conocer nuevo lugares, lo que la ha llenado de experiencias que hoy transmite a sus pasajeros para que se conviertan en recuerdos inolvidables.<\/p>\n                <div class=\"nicdark_space20\"><\/div>\n                \n\n            <\/div>\n        <\/div>\n\n         <div class=\"nicdark_textevidence nicdark_width_percentage10 nicdark_displaynone_responsive\"><div class=\"nicdark_space20\"><\/div><div class=\"nicdark_space5\"><\/div>  <\/div> \n\n    <\/div>\n\n   [vc_empty_space][\/vc_column][vc_column width=\u00bb1\/2&#8243;]\n\n\n   <div class=\" nicdark_archive1 nicdark_bg_yellow  \">\n\n        <div class=\"nicdark_textevidence nicdark_width_percentage40 nicdark_width100_responsive\">\n            <img decoding=\"async\" alt=\"\" class=\" nicdark_opacity\" src=\"https:\/\/yuqueriviajes.com.ar\/site\/wp-content\/uploads\/2016\/02\/kevin-e1460564825175.jpg\">\n        <\/div>\n        \n        <div class=\"nicdark_textevidence nicdark_width_percentage50 nicdark_width100_responsive\">\n            <div class=\"nicdark_margin20\">\n            \n                <h4 class=\"white\">Kevin Roberts<\/h4>                        \n                <div class=\"nicdark_space20\"><\/div>\n                <div class=\"nicdark_divider left small\"><span class=\"nicdark_bg_white \"><\/span><\/div>\n                <div class=\"nicdark_space20\"><\/div>\n                <p class=\"white\">Director de Yuqueri Viajes. Con muchos kil\u00f3metros recorridos alrededor del mundo, y mucho conocimiento de los diferentes destinos, est\u00e1 siempre dispuesto a brindar la mejor informaci\u00f3n para lograr el viaje de tus sue\u00f1os. <\/p>\n                <div class=\"nicdark_space20\"><\/div>\n                \n\n            <\/div>\n        <\/div>\n\n         <div class=\"nicdark_textevidence nicdark_width_percentage10 nicdark_displaynone_responsive\"><div class=\"nicdark_space20\"><\/div><div class=\"nicdark_space5\"><\/div>  <\/div> \n\n    <\/div>\n\n   [vc_empty_space][\/vc_column][\/vc_row][vc_row imgparallax=\u00bbyes\u00bb srcparallax=\u00bb25&#8243;][vc_column][vc_empty_space][vc_empty_space]<h2 style=\"color:;\" class=\"  center\">EXPERIENCIAS YUQUER\u00cd<\/h2>[vc_empty_space]<div class=\"nicdark_divider  center big \"><span style=\"background-color:#f2ff00;\" ><\/span><\/div>[vc_empty_space][\/vc_column][\/vc_row][vc_row imgparallax=\u00bbyes\u00bb srcparallax=\u00bb220&#8243; filter=\u00bbgreydark2&#8243; idsection=\u00bbTestimo02&#8243; idparallax=\u00bbtestimonios01&#8243;][vc_column width=\u00bb1\/3&#8243;][vc_empty_space height=\u00bb60px\u00bb]\n      <div style=\"width:100%; display:inline-block;\">\n        <div class=\"nicdark_textevidence nicdark_bg_green  \">\n            <div class=\"nicdark_margin20\">\n                <p class=\"white\">Logramos realizar nuestro sue\u00f1o de conocer los parques de Disney y Universal.<br \/>\nNos asesoraron y brindaron tiempo y contenci\u00f3n a nuestras miles de preguntas. Estuvieron atentos para que todo fuera perfecto, y lo fue. Es un placer viajar con ustedes, ya que hacen que el viaje comience cuando tenemos la primera entrevista.<\/p>\n<p><\/p>\n            <\/div>\n            <i class=\" nicdark_iconbg right medium green\"><\/i>\n        <\/div>\n\n        <div class=\"nicdark_focus\">\n            <div class=\"nicdark_triangle green nicdark_marginleft20\"><\/div>\n        <\/div>\n        <div class=\"nicdark_space30\"><\/div>\n\n        <div class=\"nicdark_focus nicdark_relative\">\n            <img decoding=\"async\" alt=\"\" class=\"nicdark_radius_circle nicdark_absolute\" width=\"65\" src=\"https:\/\/yuqueriviajes.com.ar\/site\/wp-content\/uploads\/2016\/02\/DSCN0992-150x150.jpg\">\n\n            <div class=\"nicdark_activity nicdark_marginleft85\">\n                <h5>Flia. Dell'Albani<\/h5>                       \n                <div class=\"nicdark_space10\"><\/div>\n                <p><\/p>\n            <\/div>\n        <\/div>\n      <\/div>\n   [vc_empty_space height=\u00bb60px\u00bb]\n      <div style=\"width:100%; display:inline-block;\">\n        <div class=\"nicdark_textevidence nicdark_bg_red  \">\n            <div class=\"nicdark_margin20\">\n                <p class=\"white\">Excelente, excitante viaje, hoteles y excursiones maravillosas, todo seg\u00fan lo acordado y muy buena relaci\u00f3n Precio-servicio.<\/p>\n            <\/div>\n            <i class=\" nicdark_iconbg right medium red\"><\/i>\n        <\/div>\n\n        <div class=\"nicdark_focus\">\n            <div class=\"nicdark_triangle red nicdark_marginleft20\"><\/div>\n        <\/div>\n        <div class=\"nicdark_space30\"><\/div>\n\n        <div class=\"nicdark_focus nicdark_relative\">\n            <img decoding=\"async\" alt=\"\" class=\"nicdark_radius_circle nicdark_absolute\" width=\"65\" src=\"https:\/\/yuqueriviajes.com.ar\/site\/wp-content\/uploads\/2016\/02\/IMG_20140916_090533415-150x150.jpg\">\n\n            <div class=\"nicdark_activity nicdark_marginleft85\">\n                <h5>Daniel Jaszczyszyn<\/h5>                       \n                <div class=\"nicdark_space10\"><\/div>\n                <p><\/p>\n            <\/div>\n        <\/div>\n      <\/div>\n   [vc_empty_space height=\u00bb60px\u00bb][\/vc_column][vc_column width=\u00bb1\/3&#8243;][vc_empty_space height=\u00bb60px\u00bb]\n      <div style=\"width:100%; display:inline-block;\">\n        <div class=\"nicdark_textevidence nicdark_bg_blue  \">\n            <div class=\"nicdark_margin20\">\n                <p class=\"white\">Muy buena la experiencia que vivimos en nuestra luna de miel en San Andr\u00e9s, la hemos pasado muy bien, el lugar es tan lindo con unos paisajes hermosos. El paquete nos result\u00f3 muy accesible, tambi\u00e9n haber contado con tu buena atenci\u00f3n y predisposici\u00f3n hicieron del viaje una experiencia inolvidable<\/p>\n            <\/div>\n            <i class=\" nicdark_iconbg right medium blue\"><\/i>\n        <\/div>\n\n        <div class=\"nicdark_focus\">\n            <div class=\"nicdark_triangle blue nicdark_marginleft20\"><\/div>\n        <\/div>\n        <div class=\"nicdark_space30\"><\/div>\n\n        <div class=\"nicdark_focus nicdark_relative\">\n            <img decoding=\"async\" alt=\"\" class=\"nicdark_radius_circle nicdark_absolute\" width=\"65\" src=\"https:\/\/yuqueriviajes.com.ar\/site\/wp-content\/uploads\/2016\/02\/Imagen-284-150x150.jpg\">\n\n            <div class=\"nicdark_activity nicdark_marginleft85\">\n                <h5>Jorge Ramfos<\/h5>                       \n                <div class=\"nicdark_space10\"><\/div>\n                <p><\/p>\n            <\/div>\n        <\/div>\n      <\/div>\n   [vc_empty_space height=\u00bb80px\u00bb]\n      <div style=\"width:100%; display:inline-block;\">\n        <div class=\"nicdark_textevidence nicdark_bg_yellow  \">\n            <div class=\"nicdark_margin20\">\n                <p class=\"white\">Siempre quise conocer Grecia y lo hice de una manera genial!! Los a\u00e9reos, hoteles y excursiones no podr\u00edan haber sido mejores. Las respuestas siempre fueron inmediatas y la atenci\u00f3n excelente! Sin lugar a dudas, cuando planeo viajar pienso en Yuqueri. Gracias!!<\/p>\n<p><\/p>\n            <\/div>\n            <i class=\" nicdark_iconbg right medium yellow\"><\/i>\n        <\/div>\n\n        <div class=\"nicdark_focus\">\n            <div class=\"nicdark_triangle yellow nicdark_marginleft20\"><\/div>\n        <\/div>\n        <div class=\"nicdark_space30\"><\/div>\n\n        <div class=\"nicdark_focus nicdark_relative\">\n            <img decoding=\"async\" alt=\"\" class=\"nicdark_radius_circle nicdark_absolute\" width=\"65\" src=\"https:\/\/yuqueriviajes.com.ar\/site\/wp-content\/uploads\/2016\/02\/santorini-150x150.jpg\">\n\n            <div class=\"nicdark_activity nicdark_marginleft85\">\n                <h5>Debora Coppa Rivadulla<\/h5>                       \n                <div class=\"nicdark_space10\"><\/div>\n                <p><\/p>\n            <\/div>\n        <\/div>\n      <\/div>\n   [vc_empty_space height=\u00bb60px\u00bb][\/vc_column][vc_column width=\u00bb1\/3&#8243;][vc_empty_space height=\u00bb60px\u00bb]\n      <div style=\"width:100%; display:inline-block;\">\n        <div class=\"nicdark_textevidence nicdark_bg_orange  \">\n            <div class=\"nicdark_margin20\">\n                <p class=\"white\">Incre\u00edble experiencia. Nos divertimos un mont\u00f3n! No solo hicimos Playa, sino que tambi\u00e9n aprovechamos para conocer las maravillas del mundo maya, los Cenotes y la noche de Coco Bongo con excelentes shows (nada que envidiarle a Vegas)<\/p>\n            <\/div>\n            <i class=\" nicdark_iconbg right medium orange\"><\/i>\n        <\/div>\n\n        <div class=\"nicdark_focus\">\n            <div class=\"nicdark_triangle orange nicdark_marginleft20\"><\/div>\n        <\/div>\n        <div class=\"nicdark_space30\"><\/div>\n\n        <div class=\"nicdark_focus nicdark_relative\">\n            <img decoding=\"async\" alt=\"\" class=\"nicdark_radius_circle nicdark_absolute\" width=\"65\" src=\"https:\/\/yuqueriviajes.com.ar\/site\/wp-content\/uploads\/2016\/02\/ggfgg-150x150.jpg\">\n\n            <div class=\"nicdark_activity nicdark_marginleft85\">\n                <h5>Bernardita Viamonte<\/h5>                       \n                <div class=\"nicdark_space10\"><\/div>\n                <p><\/p>\n            <\/div>\n        <\/div>\n      <\/div>\n   [vc_empty_space height=\u00bb80px\u00bb]\n      <div style=\"width:100%; display:inline-block;\">\n        <div class=\"nicdark_textevidence nicdark_bg_violet  \">\n            <div class=\"nicdark_margin20\">\n                <p class=\"white\">Viajamos a Salvador , Brasil.<br \/>\nNos hospedamos en el gran palladium imbassai, la verdad un lujo.<br \/>\nEl lugar y la playa de pel\u00edcula.Nos encantar\u00eda volver , un viaje so\u00f1ado.<\/p>\n            <\/div>\n            <i class=\" nicdark_iconbg right medium violet\"><\/i>\n        <\/div>\n\n        <div class=\"nicdark_focus\">\n            <div class=\"nicdark_triangle violet nicdark_marginleft20\"><\/div>\n        <\/div>\n        <div class=\"nicdark_space30\"><\/div>\n\n        <div class=\"nicdark_focus nicdark_relative\">\n            <img decoding=\"async\" alt=\"\" class=\"nicdark_radius_circle nicdark_absolute\" width=\"65\" src=\"https:\/\/yuqueriviajes.com.ar\/site\/wp-content\/uploads\/2016\/02\/IMG-20160210-WA0026-150x150.jpg\">\n\n            <div class=\"nicdark_activity nicdark_marginleft85\">\n                <h5>Flia Leyes Peretti.<\/h5>                       \n                <div class=\"nicdark_space10\"><\/div>\n                <p><\/p>\n            <\/div>\n        <\/div>\n      <\/div>\n   [vc_empty_space height=\u00bb60px\u00bb][\/vc_column][\/vc_row][vc_row][vc_column][vc_empty_space height=\u00bb40px\u00bb][\/vc_column][\/vc_row][vc_row imgparallax=\u00bbyes\u00bb srcparallax=\u00bb25&#8243;][vc_column][vc_empty_space][vc_empty_space]<h2 style=\"color:;\" class=\"  center\">CONTACTANOS<\/h2>[vc_empty_space]<div class=\"nicdark_divider  center big \"><span style=\"background-color:#bababa;\" ><\/span><\/div>[vc_empty_space][vc_column_text]<\/p>\n<p style=\"text-align: center;\">Si quer\u00e9s recibir informaci\u00f3n mas detallada o hacer\u00a0una consulta a cualquiera de nuestros asesores de viaje, escribenos o completa el formulario de contacto, uno de nuestro representante se pondr\u00e1 en contacto a la brevedad.<\/p>\n<p>[\/vc_column_text][vc_empty_space][vc_btn title=\u00bbM\u00c1S INFO\u00bb color=\u00bbturquoise\u00bb align=\u00bbcenter\u00bb link=\u00bburl:http%3A%2F%2Fyuqueriviajes.com.ar%2Fsite%2Fcontacto%2F|title:contacto|\u00bb][vc_empty_space height=\u00bb100px\u00bb][\/vc_column][\/vc_row]<\/p>\n","protected":false},"excerpt":{"rendered":"<p>[vc_row][vc_column][vc_empty_space height=\u00bb60px\u00bb][vc_column_text css_animation=\u00bbbottom-to-top\u00bb]YUQUERI VIAJES es una empresa joven nacida en el a\u00f1o 2011. Contando con un equipo de trabajo con conocimiento en todas las a\u00e9reas del rubro, y con el respaldo de los operadores de turismo m\u00e1s importantes del pa\u00eds, ofrece todos los servicios que el pasajero necesita para lograr el viaje deseado. Con mucho &#8230;<\/p>\n","protected":false},"author":2,"featured_media":0,"parent":0,"menu_order":0,"comment_status":"closed","ping_status":"closed","template":"","meta":{"footnotes":""},"class_list":["post-194","page","type-page","status-publish","hentry"],"_links":{"self":[{"href":"https:\/\/yuqueriviajes.com.ar\/site\/wp-json\/wp\/v2\/pages\/194","targetHints":{"allow":["GET"]}}],"collection":[{"href":"https:\/\/yuqueriviajes.com.ar\/site\/wp-json\/wp\/v2\/pages"}],"about":[{"href":"https:\/\/yuqueriviajes.com.ar\/site\/wp-json\/wp\/v2\/types\/page"}],"author":[{"embeddable":true,"href":"https:\/\/yuqueriviajes.com.ar\/site\/wp-json\/wp\/v2\/users\/2"}],"replies":[{"embeddable":true,"href":"https:\/\/yuqueriviajes.com.ar\/site\/wp-json\/wp\/v2\/comments?post=194"}],"version-history":[{"count":80,"href":"https:\/\/yuqueriviajes.com.ar\/site\/wp-json\/wp\/v2\/pages\/194\/revisions"}],"predecessor-version":[{"id":965,"href":"https:\/\/yuqueriviajes.com.ar\/site\/wp-json\/wp\/v2\/pages\/194\/revisions\/965"}],"wp:attachment":[{"href":"https:\/\/yuqueriviajes.com.ar\/site\/wp-json\/wp\/v2\/media?parent=194"}],"curies":[{"name":"wp","href":"https:\/\/api.w.org\/{rel}","templated":true}]}}