{"id":11,"date":"2016-01-15T18:39:58","date_gmt":"2016-01-15T18:39:58","guid":{"rendered":"http:\/\/yuqueriviajes.com.ar\/site\/?page_id=11"},"modified":"2016-04-13T16:51:28","modified_gmt":"2016-04-13T16:51:28","slug":"travel-coaching","status":"publish","type":"page","link":"https:\/\/yuqueriviajes.com.ar\/site\/travel-coaching\/","title":{"rendered":"Travel Coaching"},"content":{"rendered":"<p>[vc_row][vc_column][vc_empty_space height=\u00bb60px\u00bb][vc_column_text]Pioneros en Argentina en este servicio que crece d\u00eda a d\u00eda para los viajeros independientes. \u00bfQuer\u00e9s hacer un viaje por tu cuenta pero no sab\u00e9s por donde arrancar? Tenemos la soluci\u00f3n para vos!\u00a0Te ayudamos a armar el viaje de tu sue\u00f1os, al destino que siempre quisiste conocer de acuerdo al presupuesto que tengas y durante el tiempo que puedas.<\/p>\n<p>&nbsp;<\/p>\n<p>Con experiencia y conocimiento de amplios destinos, podemos hacer que ahorres tiempo y dinero brind\u00e1ndote todo lo necesario para cumplir con tu sue\u00f1o.[\/vc_column_text][vc_empty_space][vc_empty_space][\/vc_column][\/vc_row][vc_row][vc_column]<h1 style=\"color:;\" class=\"  left\">Con el servicio de Travel Coaching te ofrecemos:<\/h1><div class=\"nicdark_divider    \"><span style=\"background-color:#e9ff00;\" ><\/span><\/div>[vc_empty_space][vc_empty_space][\/vc_column][\/vc_row][vc_row][vc_column width=\u00bb1\/2&#8243;]\n\n    <div class=\"white, cursor-default nicdark_archive1 nicdark_relative\">\n        \n        <a target=\"\" href=\"\" class=\"nicdark_btn_icon nicdark_bg_yellow extrabig  white nicdark_absolute \"><i class=\"icon-picture\"><\/i><\/a>\n    \n        <div class=\"nicdark_activity nicdark_marginleft100\">\n            <h4> VIAJES DISTINTOS<\/h4>                        \n            <div class=\"nicdark_space20\"><\/div>\n            <p>* Nuevas ideas de viajes<\/p>\n<p>* Experiencias de viaje originales<br \/>\n<\/p>\n            <div class=\"nicdark_space20\"><\/div>\n            \n            <div class=\"nicdark_space5\"><\/div>\n        <\/div>\n    <\/div>\n      \n   [vc_empty_space height=\u00bb40px\u00bb][\/vc_column][vc_column width=\u00bb1\/2&#8243;]\n\n    <div class=\"white, cursor-default nicdark_archive1 nicdark_relative\">\n        \n        <a target=\"\" href=\"\" class=\"nicdark_btn_icon nicdark_bg_violet extrabig  white nicdark_absolute \"><i class=\"icon-file-image\"><\/i><\/a>\n    \n        <div class=\"nicdark_activity nicdark_marginleft100\">\n            <h4>NUEVOS ITINERARIOS<\/h4>                        \n            <div class=\"nicdark_space20\"><\/div>\n            <p>* Itinerarios alternativos convenientes<\/p>\n<p>* Transparencia en precios<br \/>\n<\/p>\n            <div class=\"nicdark_space20\"><\/div>\n            \n            <div class=\"nicdark_space5\"><\/div>\n        <\/div>\n    <\/div>\n      \n   [vc_empty_space height=\u00bb40px\u00bb][\/vc_column][\/vc_row][vc_row][vc_column width=\u00bb1\/2&#8243;]\n\n    <div class=\"white, cursor-default nicdark_archive1 nicdark_relative\">\n        \n        <a target=\"\" href=\"\" class=\"nicdark_btn_icon nicdark_bg_orange extrabig  white nicdark_absolute \"><i class=\"icon-emo-happy\"><\/i><\/a>\n    \n        <div class=\"nicdark_activity nicdark_marginleft100\">\n            <h4>FACILIDAD<\/h4>                        \n            <div class=\"nicdark_space20\"><\/div>\n            <p>* Facilidad en la contrataci\u00f3n de los servicios<\/p>\n            <div class=\"nicdark_space20\"><\/div>\n            \n            <div class=\"nicdark_space5\"><\/div>\n        <\/div>\n    <\/div>\n      \n   [\/vc_column][vc_column width=\u00bb1\/2&#8243;]\n\n    <div class=\"white, cursor-default nicdark_archive1 nicdark_relative\">\n        \n        <a target=\"\" href=\"\" class=\"nicdark_btn_icon nicdark_bg_green extrabig  white nicdark_absolute \"><i class=\"icon-globe-alt\"><\/i><\/a>\n    \n        <div class=\"nicdark_activity nicdark_marginleft100\">\n            <h4>INFORMACI\u00d3N<\/h4>                        \n            <div class=\"nicdark_space20\"><\/div>\n            <p>* Informaci\u00f3n de cada destino que visites<\/p>\n<p>* El tiempo necesario para que te saques todas las dudas que tengas<br \/>\n<\/p>\n            <div class=\"nicdark_space20\"><\/div>\n            \n            <div class=\"nicdark_space5\"><\/div>\n        <\/div>\n    <\/div>\n      \n   [\/vc_column][\/vc_row][vc_row][vc_column][vc_empty_space]\n\n    <div class=\"white, cursor-default nicdark_textevidence nicdark_bg_green nicdark_shadow center\">\n        <div class=\"nicdark_margin30\">\n            <h2 class=\"white subtitle\"><a target=\"\" href=\"\" class=\"white\">EXPERIENCIAS TRAVEL COACHING<\/a><\/h2>\n       <\/div>\n        <i class=\"nicdark_zoom  nicdark_iconbg left extrabig green nicdark_displaynone_ipadland nicdark_displaynone_ipadpotr\"><\/i>\n    <\/div>\n      \n   [vc_empty_space][vc_single_image image=\u00bb355&#8243; img_size=\u00bbfull\u00bb][vc_empty_space]\n\n    <div class=\"white, cursor-default nicdark_textevidence nicdark_bg_greydark nicdark_shadow center\">\n        <div class=\"nicdark_margin30\">\n            <h2 class=\"white subtitle\"><a target=\"\" href=\"\" class=\"white\">EUROPA<\/a><\/h2>\n       <\/div>\n        <i class=\"nicdark_zoom  nicdark_iconbg left extrabig greydark nicdark_displaynone_ipadland nicdark_displaynone_ipadpotr\"><\/i>\n    <\/div>\n      \n   [vc_empty_space height=\u00bb140px\u00bb][\/vc_column][\/vc_row][vc_row][vc_column width=\u00bb1\/3&#8243;][vc_single_image image=\u00bb360&#8243; img_size=\u00bbfull\u00bb style=\u00bbvc_box_rounded\u00bb][vc_empty_space][\/vc_column][vc_column width=\u00bb1\/3&#8243;]\n      <div style=\"width:100%; display:inline-block;\">\n        <div class=\"nicdark_textevidence nicdark_bg_green  \">\n            <div class=\"nicdark_margin20\">\n                <p class=\"white\">Utilizamos el servicio de Travel Coaching para viajar a varios pa\u00edses de Europa, Espa\u00f1a, Reino Unido, Francia, Pa\u00edses bajos e Italia. Realmente pudimos disfrutar de todos los lugares con transportaci\u00f3n conveniente, alojamientos divertidos y con muy buena ubicaci\u00f3n, lo cu\u00e1l nos pareci\u00f3 muy bueno ya que viajamos dos chicas solas. La experiencia del armado ya hace que comience la aventura y culmina con la vivencia de momentos incre\u00edbles que quedar\u00e1n por siempre en nuestros recuerdos. Muchas gracias Yuquer\u00ed Viajes!!<\/p>\n<p><\/p>\n            <\/div>\n            <i class=\" nicdark_iconbg right medium green\"><\/i>\n        <\/div>\n\n        <div class=\"nicdark_focus\">\n            <div class=\"nicdark_triangle green nicdark_marginleft20\"><\/div>\n        <\/div>\n        <div class=\"nicdark_space30\"><\/div>\n\n        <div class=\"nicdark_focus nicdark_relative\">\n            <img decoding=\"async\" alt=\"\" class=\"nicdark_radius_circle nicdark_absolute\" width=\"65\" src=\"\">\n\n            <div class=\"nicdark_activity nicdark_marginleft85\">\n                <h5>AYE Y VALE <\/h5>                       \n                <div class=\"nicdark_space10\"><\/div>\n                <p>Vale y Aye \u2013 Europa 2015<\/p>\n            <\/div>\n        <\/div>\n      <\/div>\n   [vc_empty_space][\/vc_column][vc_column width=\u00bb1\/3&#8243;][vc_single_image image=\u00bb359&#8243; img_size=\u00bbfull\u00bb style=\u00bbvc_box_rounded\u00bb][vc_empty_space][\/vc_column][\/vc_row][vc_row][vc_column]\n\n    <div class=\"white, cursor-default nicdark_textevidence nicdark_bg_greydark nicdark_shadow center\">\n        <div class=\"nicdark_margin30\">\n            <h2 class=\"white subtitle\"><a target=\"\" href=\"\" class=\"white\">TRAVEL COACHING NORTE DE ARGENTINA<\/a><\/h2>\n       <\/div>\n        <i class=\"nicdark_zoom  nicdark_iconbg left extrabig greydark nicdark_displaynone_ipadland nicdark_displaynone_ipadpotr\"><\/i>\n    <\/div>\n      \n   [vc_empty_space height=\u00bb140px\u00bb][\/vc_column][\/vc_row][vc_row][vc_column width=\u00bb1\/3&#8243;][vc_single_image image=\u00bb551&#8243; img_size=\u00bbfull\u00bb][vc_empty_space][\/vc_column][vc_column width=\u00bb1\/3&#8243;]\n      <div style=\"width:100%; display:inline-block;\">\n        <div class=\"nicdark_textevidence nicdark_bg_yellow  \">\n            <div class=\"nicdark_margin20\">\n                <p class=\"white\">Con travel coaching de Yuquer\u00ed pudimos organizar nuestro viaje a medida, la idea era recorrer todo el norte Argentino en auto, nos brindaron toda la info necesaria para encontrar los mejores hospedajes y caminos m\u00e1s atractivos. <\/p>\n            <\/div>\n            <i class=\"icon-camera-alt nicdark_iconbg right medium yellow\"><\/i>\n        <\/div>\n\n        <div class=\"nicdark_focus\">\n            <div class=\"nicdark_triangle yellow nicdark_marginleft20\"><\/div>\n        <\/div>\n        <div class=\"nicdark_space30\"><\/div>\n\n        <div class=\"nicdark_focus nicdark_relative\">\n            <img decoding=\"async\" alt=\"\" class=\"nicdark_radius_circle nicdark_absolute\" width=\"65\" src=\"\">\n\n            <div class=\"nicdark_activity nicdark_marginleft85\">\n                <h5>JUAN CRUZ<\/h5>                       \n                <div class=\"nicdark_space10\"><\/div>\n                <p>Viaje por el norte Argentino - 2015<\/p>\n            <\/div>\n        <\/div>\n      <\/div>\n   [vc_empty_space][\/vc_column][vc_column width=\u00bb1\/3&#8243;][vc_single_image image=\u00bb554&#8243; img_size=\u00bbfull\u00bb][vc_empty_space][\/vc_column][\/vc_row][vc_row][vc_column][vc_empty_space height=\u00bb100px\u00bb][\/vc_column][\/vc_row]<\/p>\n","protected":false},"excerpt":{"rendered":"<p>[vc_row][vc_column][vc_empty_space height=\u00bb60px\u00bb][vc_column_text]Pioneros en Argentina en este servicio que crece d\u00eda a d\u00eda para los viajeros independientes. \u00bfQuer\u00e9s hacer un viaje por tu cuenta pero no sab\u00e9s por donde arrancar? Tenemos la soluci\u00f3n para vos!\u00a0Te ayudamos a armar el viaje de tu sue\u00f1os, al destino que siempre quisiste conocer de acuerdo al presupuesto que tengas y &#8230;<\/p>\n","protected":false},"author":2,"featured_media":0,"parent":0,"menu_order":0,"comment_status":"closed","ping_status":"closed","template":"","meta":{"footnotes":""},"class_list":["post-11","page","type-page","status-publish","hentry"],"_links":{"self":[{"href":"https:\/\/yuqueriviajes.com.ar\/site\/wp-json\/wp\/v2\/pages\/11","targetHints":{"allow":["GET"]}}],"collection":[{"href":"https:\/\/yuqueriviajes.com.ar\/site\/wp-json\/wp\/v2\/pages"}],"about":[{"href":"https:\/\/yuqueriviajes.com.ar\/site\/wp-json\/wp\/v2\/types\/page"}],"author":[{"embeddable":true,"href":"https:\/\/yuqueriviajes.com.ar\/site\/wp-json\/wp\/v2\/users\/2"}],"replies":[{"embeddable":true,"href":"https:\/\/yuqueriviajes.com.ar\/site\/wp-json\/wp\/v2\/comments?post=11"}],"version-history":[{"count":75,"href":"https:\/\/yuqueriviajes.com.ar\/site\/wp-json\/wp\/v2\/pages\/11\/revisions"}],"predecessor-version":[{"id":910,"href":"https:\/\/yuqueriviajes.com.ar\/site\/wp-json\/wp\/v2\/pages\/11\/revisions\/910"}],"wp:attachment":[{"href":"https:\/\/yuqueriviajes.com.ar\/site\/wp-json\/wp\/v2\/media?parent=11"}],"curies":[{"name":"wp","href":"https:\/\/api.w.org\/{rel}","templated":true}]}}